{"id":274,"date":"2024-12-16T18:55:26","date_gmt":"2024-12-16T18:55:26","guid":{"rendered":"https:\/\/architekt.all-inc.at\/?page_id=274"},"modified":"2025-03-26T13:00:05","modified_gmt":"2025-03-26T13:00:05","slug":"leistungen","status":"publish","type":"page","link":"https:\/\/steininger-ab.de\/index.php\/leistungen\/","title":{"rendered":"Leistungen"},"content":{"rendered":"<div  class=\"tatsu-Sytn_gAEJx tatsu-section  tatsu-fullscreen tatsu-video-section   tatsu-clearfix\" data-title=\"\"  data-headerscheme=\"background--dark\"><div class=\"tatsu-fullscreen-wrap\"><div class='tatsu-section-pad clearfix' data-padding='{\"d\":\"120px 0px 120px 0px \"}' data-padding-top='120px'><div class=\"tatsu-row-wrap  tatsu-wrap tatsu-row-one-col tatsu-row-has-one-cols tatsu-medium-gutter tatsu-reg-cols  tatsu-clearfix tatsu-BkeF3ugAV1l\" ><div  class=\"tatsu-row \" ><div  class=\"tatsu-column  tatsu-column-no-bg tatsu-one-col tatsu-column-image-none tatsu-column-effect-none  tatsu-rJ-FnugCEJx\"  data-parallax-speed=\"0\" style=\"\"><div class=\"tatsu-column-inner \" ><div class=\"tatsu-column-pad-wrap\"><div class=\"tatsu-column-pad\" ><div  class=\"tatsu-module tatsu-inline-text clearfix tatsu-B1GthdxREJe   \" ><style>.tatsu-B1GthdxREJe .tatsu-inline-text-inner{width: 100%;text-align: left;}@media only screen and (max-width: 767px) {.tatsu-B1GthdxREJe.tatsu-inline-text .tatsu-inline-text-inner *{font-size : 30px;}}<\/style><div class=\"tatsu-inline-text-inner tatsu-align-center\">\n<h1 style=\"text-align: center;\"><span style=\"color: #ffffff;\">Leistungsbeschreibung<\/span><\/h1>\n<\/div><\/div><div  class=\"tatsu-single-image tatsu-module align-center tatsu-image-lazyload tatsu-BJ9-KxRVyl  \" ><div class=\"tatsu-single-image-inner \" style=\"width : 768px;\" ><div class = \"tatsu-single-image-padding-wrap\" style = \"padding-bottom : 12.5%;\" ><\/div><img class = \"tatsu-gradient-border\" alt = \"\" title = \"Steinger-logo-ohne-hintergrund_768x96 HELL\" data-src = \"https:\/\/steininger-ab.de\/wp-content\/uploads\/2025\/03\/Steinger-logo-ohne-hintergrund_768x96-HELL.png\" src =\"data:image\/png;base64,iVBORw0KGgoAAAANSUhEUgAAAAEAAAABCAQAAAC1HAwCAAAAC0lEQVR42mNkYAAAAAYAAjCB0C8AAAAASUVORK5CYII=\"  \/><\/div><style>.tatsu-BJ9-KxRVyl .tatsu-single-image-inner{border-style: solid;max-width: 100%;}.tatsu-BJ9-KxRVyl.tatsu-single-image{transform: translate3d(0px,0px, 0);}<\/style><\/div><\/div><\/div><div class = \"tatsu-column-bg-image-wrap\"><div class = \"tatsu-column-bg-image\" ><\/div><\/div><\/div><style>.tatsu-row > .tatsu-rJ-FnugCEJx.tatsu-column{width: 100%;}.tatsu-rJ-FnugCEJx.tatsu-column > .tatsu-column-inner > .tatsu-column-overlay{mix-blend-mode: none;}.tatsu-rJ-FnugCEJx > .tatsu-column-inner > .tatsu-top-divider{z-index: 9999;}.tatsu-rJ-FnugCEJx > .tatsu-column-inner > .tatsu-bottom-divider{z-index: 9999;}.tatsu-rJ-FnugCEJx > .tatsu-column-inner > .tatsu-left-divider{z-index: 9999;}.tatsu-rJ-FnugCEJx > .tatsu-column-inner > .tatsu-right-divider{z-index: 9999;}<\/style><\/div><\/div><\/div><\/div><div class=\"tatsu-section-background-wrap\"><div class = \"tatsu-section-background\" ><\/div><\/div><video class=\"tatsu-bg-video\" autoplay=\"autoplay\" loop=\"loop\" muted=\"muted\" preload=\"auto\" playsinline webkit-playsinline><source src=\"https:\/\/steininger-ab.de\/wp-content\/uploads\/2024\/12\/0_Building_Architecture_1920x1080.mp4\" type=\"video\/mp4\"><\/video><\/div><style>.tatsu-Sytn_gAEJx .tatsu-section-pad{padding: 120px 0px 120px 0px ;}.tatsu-Sytn_gAEJx > .tatsu-bottom-divider{z-index: 9999;}.tatsu-Sytn_gAEJx > .tatsu-top-divider{z-index: 9999;}.tatsu-Sytn_gAEJx .tatsu-fullscreen-wrap{align-items: center;}<\/style><\/div><div  class=\"tatsu-ryZklqubaye tatsu-section  tatsu-bg-overlay   tatsu-clearfix\" data-title=\"\"  data-headerscheme=\"background--dark\"><div class='tatsu-section-pad clearfix' data-padding='{\"d\":\"90px 0px 90px 0px\"}' data-padding-top='90px'><div class=\"tatsu-row-wrap  tatsu-wrap tatsu-row-one-col tatsu-row-has-one-cols tatsu-medium-gutter tatsu-reg-cols  tatsu-clearfix tatsu-BJxJlq_WTyg\" ><div  class=\"tatsu-row \" ><div  class=\"tatsu-column  tatsu-bg-overlay tatsu-one-col tatsu-column-image-none tatsu-column-effect-none  tatsu-HJ1eqdb61g\"  data-parallax-speed=\"0\" style=\"\"><div class=\"tatsu-column-inner \" ><div class=\"tatsu-column-pad-wrap\"><div class=\"tatsu-column-pad\" ><div  class=\"tatsu-single-image tatsu-module tatsu-image-lazyload tatsu-Hks-q_Z6kx  \" ><div class=\"tatsu-single-image-inner \" style=\"width : 2560px;\" ><div class = \"tatsu-single-image-padding-wrap\" style = \"padding-bottom : 75%;\" ><\/div><img class = \"tatsu-gradient-border\" alt = \"Wireframe villa\" title = \"Wireframe villa\" data-src = \"https:\/\/steininger-ab.de\/wp-content\/uploads\/2025\/03\/39687895_xl-1-scaled-1.jpg\" src =\"data:image\/png;base64,iVBORw0KGgoAAAANSUhEUgAAAAEAAAABCAQAAAC1HAwCAAAAC0lEQVR42mNkYAAAAAYAAjCB0C8AAAAASUVORK5CYII=\"  \/><\/div><style>.tatsu-Hks-q_Z6kx .tatsu-single-image-inner{border-style: solid;max-width: 100%;}.tatsu-Hks-q_Z6kx.tatsu-single-image{transform: translate3d(0px,0px, 0);}<\/style><\/div><\/div><\/div><div class = \"tatsu-column-bg-image-wrap\"><div class = \"tatsu-column-bg-image\" ><\/div><\/div><div class=\"tatsu-overlay tatsu-column-overlay tatsu-animate-none\" ><\/div><\/div><style>.tatsu-row > .tatsu-HJ1eqdb61g.tatsu-column{width: 100%;}.tatsu-HJ1eqdb61g.tatsu-column > .tatsu-column-inner > .tatsu-column-overlay{mix-blend-mode: normal;}.tatsu-HJ1eqdb61g > .tatsu-column-inner > .tatsu-top-divider{z-index: 9999;}.tatsu-HJ1eqdb61g > .tatsu-column-inner > .tatsu-bottom-divider{z-index: 9999;}.tatsu-HJ1eqdb61g > .tatsu-column-inner > .tatsu-left-divider{z-index: 9999;}.tatsu-HJ1eqdb61g > .tatsu-column-inner > .tatsu-right-divider{z-index: 9999;}@media only screen and (max-width:1377px) {.tatsu-row > .tatsu-HJ1eqdb61g.tatsu-column{width: 100%;}}@media only screen and (min-width:768px) and (max-width: 1024px) {.tatsu-row > .tatsu-HJ1eqdb61g.tatsu-column{width: 100%;}}@media only screen and (max-width: 767px) {.tatsu-row > .tatsu-HJ1eqdb61g.tatsu-column{width: 100%;}}<\/style><\/div><\/div><\/div><\/div><div class=\"tatsu-section-background-wrap\"><div class = \"tatsu-section-background\" ><\/div><\/div><div class=\"tatsu-overlay tatsu-section-overlay\"><\/div><style>.tatsu-ryZklqubaye.tatsu-section{background-color: rgba(74,74,74,1);}.tatsu-ryZklqubaye .tatsu-section-pad{padding: 90px 0px 90px 0px;}.tatsu-ryZklqubaye .tatsu-section-offset-wrap{transform: translateY(-0px);}.tatsu-ryZklqubaye > .tatsu-bottom-divider{z-index: 9999;}.tatsu-ryZklqubaye > .tatsu-top-divider{z-index: 9999;}.tatsu-ryZklqubaye .tatsu-section-overlay{mix-blend-mode: normal;}<\/style><\/div><div  class=\"tatsu-BJ3Xug0Nye tatsu-section    tatsu-clearfix\" data-title=\"\"  data-headerscheme=\"background--dark\"><div class='tatsu-section-pad clearfix' data-padding='{\"d\":\"120px 0% 120px 0% \"}' data-padding-top='120px'><div class=\"tatsu-row-wrap  tatsu-wrap tatsu-row-has-three-cols tatsu-medium-gutter tatsu-reg-cols  tatsu-clearfix tatsu-Byghm_eAVkx\" ><div  class=\"tatsu-row \" ><div  class=\"tatsu-column  tatsu-column-no-bg tatsu-one-third tatsu-column-align-middle tatsu-column-image-none tatsu-column-effect-none  tatsu-rkb3Xdl0E1x\"  data-parallax-speed=\"0\" style=\"\"><div class=\"tatsu-column-inner \" ><div class=\"tatsu-column-pad-wrap\"><div class=\"tatsu-column-pad\" ><div  class=\"tatsu-module tatsu-title-icon  tatsu-animate tatsu-ByfnQOgCNJe  \" data-animation=\"fadeInLeft\"  ><span class=\"tatsu-ti-wrap tatsu-ti medium circled align-right\" ><i class=\"icon-genius tatsu-ti tatsu-ti-icon\"><\/i><\/span><div class=\"tatsu-tc tatsu-tc-custom-space align-right medium circled\">\n<h4><span style=\"color: #ffffff;\">LPH 1 | Grundlagenermittlung<\/span><\/h4>\n<p><span style=\"color: #ffffff;\">Standortanalyse, Betriebsplanung, Bestandsaufnahme, Pr\u00fcfung von Umwelterheblichkeit und Umweltvertr\u00e4glichkeit, Aufstellung von Raum- und Funktionsprogrammen<\/span><\/p>\n<\/div><style>.tatsu-ByfnQOgCNJe .tatsu-ti-wrap.circled{background: rgba(228,228,228,1);box-shadow: 0px 0px 0px 0px rgba(0,0,0,0);}.tatsu-ByfnQOgCNJe .tatsu-ti-icon{color: rgba(85,85,85,1) ;}<\/style><\/div><div  class=\"tatsu-module tatsu-title-icon  tatsu-animate tatsu-rkQnmug0VJx  \" data-animation=\"fadeInLeft\"  ><span class=\"tatsu-ti-wrap tatsu-ti medium circled align-right\" ><i class=\"icon-tools-2 tatsu-ti tatsu-ti-icon\"><\/i><\/span><div class=\"tatsu-tc tatsu-tc-custom-space align-right medium circled\">\n<h4><span style=\"color: #ffffff;\">LPH 2 | Vorplanung<\/span><\/h4>\n<p><span style=\"color: #ffffff;\">Aufstellung eines Finanzierungsplans und Mitwirkung bei der Kreditbeschaffung. Durchf\u00fchrung der Bauvoranfrage. Aufstellung eines Zeit- und Organisationsplans.<\/span><\/p>\n<\/div><style>.tatsu-rkQnmug0VJx .tatsu-ti-wrap.circled{background: rgba(228,228,228,1);box-shadow: 0px 0px 0px 0px rgba(0,0,0,0);}.tatsu-rkQnmug0VJx .tatsu-ti-icon{color: rgba(85,85,85,1) ;}<\/style><\/div><div  class=\"tatsu-module tatsu-title-icon  tatsu-animate tatsu-Hy42XOeRN1x  \" data-animation=\"fadeInLeft\"  ><span class=\"tatsu-ti-wrap tatsu-ti medium circled align-right\" ><i class=\"icon-lightbulb tatsu-ti tatsu-ti-icon\"><\/i><\/span><div class=\"tatsu-tc tatsu-tc-custom-space align-right medium circled\">\n<h4><span style=\"color: #ffffff;\">LPH 3 | Entwurfsplanung<\/span><\/h4>\n<p><span style=\"color: #ffffff;\">Bewerten von Alternativen \/ Varianten mit Kostenuntersuchung (Optimierung). \u00dcber das \u00fcbliche Ma\u00df hinausgehende Optimierungsma\u00dfnahmen, um z.B. den Energieverbrauch der Anlage weiterhin zu senken. Wirtschaftlichkeitsberechnung.<\/span><\/p>\n<\/div><style>.tatsu-Hy42XOeRN1x .tatsu-ti-wrap.circled{background: rgba(228,228,228,1);box-shadow: 0px 0px 0px 0px rgba(0,0,0,0);}.tatsu-Hy42XOeRN1x .tatsu-ti-icon{color: rgba(85,85,85,1) ;}<\/style><\/div><div  class=\"tatsu-module tatsu-title-icon  tatsu-animate tatsu-H1S3QueA4kx  \" data-animation=\"fadeInLeft\"  ><span class=\"tatsu-ti-wrap tatsu-ti medium circled align-right\" ><i class=\"icon-paintbrush tatsu-ti tatsu-ti-icon\"><\/i><\/span><div class=\"tatsu-tc tatsu-tc-custom-space align-right medium circled\">\n<h4><span style=\"color: #ffffff;\">LPH 4 | Genehmigungsplanung<\/span><\/h4>\n<p><span style=\"color: #ffffff;\">Mitwirken bei Beschaffen der nachbarlichen Zustimmung. Unterst\u00fctzung des Bauherren bei Widerspruchsverfahren, Klagen und \u00c4hnlichem. \u00c4nderung von Genehmigungsunterlagen, soweit dies der Architekt nicht selber zu verantworten hat. Erarbeitung von Unterlagen f\u00fcr besondere Genehmigungen oder Pr\u00fcfverfahren<\/span><\/p>\n<\/div><style>.tatsu-H1S3QueA4kx .tatsu-ti-wrap.circled{background: rgba(228,228,228,1);box-shadow: 0px 0px 0px 0px rgba(0,0,0,0);}.tatsu-H1S3QueA4kx .tatsu-ti-icon{color: rgba(85,85,85,1) ;}<\/style><\/div><div  class=\"tatsu-module tatsu-title-icon  tatsu-animate tatsu-rJu37_gC4Je  \" data-animation=\"fadeInRight\"  ><span class=\"tatsu-ti-wrap tatsu-ti medium circled align-right\" ><i class=\"icon-icon_loading tatsu-ti tatsu-ti-icon\"><\/i><\/span><div class=\"tatsu-tc tatsu-tc-custom-space align-right medium circled\">\n<h4><span style=\"color: #ffffff;\">LPH 5 | Ausf\u00fchrungsplanung<\/span><\/h4>\n<p><span style=\"color: #ffffff;\">Aufstellen einer detaillierten Objektbeschreibung zur Grundlage der Leistungsbeschreibung mit Leistungsprogramm als Raum- oder Baubuch. Erarbeitung von Detailmodellen. Pr\u00fcfung bauausf\u00fchrender Unternehmen auf Grund der Leistungsbeschreibung mit Leistungsprogramm ausgearbeiteten Ausf\u00fchrungspl\u00e4ne auf \u00dcbereinstimmung mit der Entwurfsplanung<\/span><\/p>\n<\/div><style>.tatsu-rJu37_gC4Je .tatsu-ti-wrap.circled{background: rgba(228,228,228,1);box-shadow: 0px 0px 0px 0px rgba(0,0,0,0);}.tatsu-rJu37_gC4Je .tatsu-ti-icon{color: rgba(85,85,85,1) ;}<\/style><\/div><\/div><\/div><div class = \"tatsu-column-bg-image-wrap\"><div class = \"tatsu-column-bg-image\" ><\/div><\/div><\/div><style>.tatsu-row > .tatsu-rkb3Xdl0E1x.tatsu-column{width: 42.7%;}.tatsu-rkb3Xdl0E1x.tatsu-column > .tatsu-column-inner > .tatsu-column-overlay{mix-blend-mode: none;}.tatsu-rkb3Xdl0E1x > .tatsu-column-inner > .tatsu-top-divider{z-index: 9999;}.tatsu-rkb3Xdl0E1x > .tatsu-column-inner > .tatsu-bottom-divider{z-index: 9999;}.tatsu-rkb3Xdl0E1x > .tatsu-column-inner > .tatsu-left-divider{z-index: 9999;}.tatsu-rkb3Xdl0E1x > .tatsu-column-inner > .tatsu-right-divider{z-index: 9999;}@media only screen and (max-width: 767px) {.tatsu-row > .tatsu-rkb3Xdl0E1x.tatsu-column{width: 100%;}}<\/style><\/div><div  class=\"tatsu-column  tatsu-column-no-bg tatsu-column-empty tatsu-one-third tatsu-column-align-middle tatsu-column-image-none tatsu-column-effect-none  tatsu-rJ837ulCNkx\"  data-parallax-speed=\"0\" style=\"\"><div class=\"tatsu-column-inner \" ><div class=\"tatsu-column-pad-wrap\"><div class=\"tatsu-column-pad\" ><\/div><\/div><div class = \"tatsu-column-bg-image-wrap\"><div class = \"tatsu-column-bg-image\" ><\/div><\/div><\/div><style>.tatsu-row > .tatsu-rJ837ulCNkx.tatsu-column{width: 10%;}.tatsu-rJ837ulCNkx.tatsu-column > .tatsu-column-inner > .tatsu-column-overlay{mix-blend-mode: none;}.tatsu-rJ837ulCNkx > .tatsu-column-inner > .tatsu-top-divider{z-index: 9999;}.tatsu-rJ837ulCNkx > .tatsu-column-inner > .tatsu-bottom-divider{z-index: 9999;}.tatsu-rJ837ulCNkx > .tatsu-column-inner > .tatsu-left-divider{z-index: 9999;}.tatsu-rJ837ulCNkx > .tatsu-column-inner > .tatsu-right-divider{z-index: 9999;}@media only screen and (max-width: 767px) {.tatsu-row > .tatsu-rJ837ulCNkx.tatsu-column{width: 100%;}}<\/style><\/div><div  class=\"tatsu-column  tatsu-column-no-bg tatsu-one-third tatsu-column-align-middle tatsu-column-image-none tatsu-column-effect-none  tatsu-Syw2X_g04kg\"  data-parallax-speed=\"0\" style=\"\"><div class=\"tatsu-column-inner \" ><div class=\"tatsu-column-pad-wrap\"><div class=\"tatsu-column-pad\" ><div  class=\"tatsu-module tatsu-title-icon  tatsu-animate tatsu-HJtnXuxRVkx  \" data-animation=\"fadeInRight\"  ><span class=\"tatsu-ti-wrap tatsu-ti medium circled align-left\" ><i class=\"icon-basket tatsu-ti tatsu-ti-icon\"><\/i><\/span><div class=\"tatsu-tc tatsu-tc-custom-space align-left medium circled\">\n<h4><span style=\"color: #ffffff;\">LPH 6 | Vorbereitung der Vergabe<\/span><\/h4>\n<p><span style=\"color: #ffffff;\">Aufstellen alternativer Leistungsbeschreibungen f\u00fcr bestimmte, zumeist geschlossene Leistungsbereiche. Aufstellung vergleichender Kosten\u00fcbersichten nach Auswertung der Beitr\u00e4ge anderer am Bau beteiligter Experten.<\/span><\/p>\n<\/div><style>.tatsu-HJtnXuxRVkx .tatsu-ti-wrap.circled{background: rgba(228,228,228,1);box-shadow: 0px 0px 0px 0px rgba(0,0,0,0);}.tatsu-HJtnXuxRVkx .tatsu-ti-icon{color: rgba(85,85,85,1) ;}<\/style><\/div><div  class=\"tatsu-module tatsu-title-icon  tatsu-animate tatsu-ryqhQOgCNkx  \" data-animation=\"fadeInRight\"  ><span class=\"tatsu-ti-wrap tatsu-ti medium circled align-left\" ><i class=\"icon-adjustments tatsu-ti tatsu-ti-icon\"><\/i><\/span><div class=\"tatsu-tc tatsu-tc-custom-space align-left medium circled\">\n<h4><span style=\"color: #ffffff;\">LPH 7 | Mitwirkung bei der Vergabe<\/span><\/h4>\n<p><span style=\"color: #ffffff;\">Aufstellung, Pr\u00fcfung und Wertung der Preisspiegel inkl. besonderer Anforderungen<\/span><\/p>\n<\/div><style>.tatsu-ryqhQOgCNkx .tatsu-ti-wrap.circled{background: rgba(228,228,228,1);box-shadow: 0px 0px 0px 0px rgba(0,0,0,0);}.tatsu-ryqhQOgCNkx .tatsu-ti-icon{color: rgba(85,85,85,1) ;}<\/style><\/div><div  class=\"tatsu-module tatsu-title-icon  tatsu-animate tatsu-Skjh7OeAEJe  \" data-animation=\"fadeInRight\"  ><span class=\"tatsu-ti-wrap tatsu-ti medium circled align-left\" ><i class=\"icon-grid tatsu-ti tatsu-ti-icon\"><\/i><\/span><div class=\"tatsu-tc tatsu-tc-custom-space align-left medium circled\">\n<h4><span style=\"color: #ffffff;\">LPH 8 | Objekt\u00fcberwachung\/Bau\u00fcberwachung<\/span><\/h4>\n<p><span style=\"color: #ffffff;\">Aufstellen, \u00dcberwachen und Fortschreiben eines Zahlungsplanes, sowie Zeit-, Kosten- und Kapazit\u00e4tspl\u00e4nen. T\u00e4tigkeit als Bauleiter, soweit diese Leistung nicht im Landesrecht f\u00fcr die Leistungsphase 8 verankert ist.<\/span><\/p>\n<\/div><style>.tatsu-Skjh7OeAEJe .tatsu-ti-wrap.circled{background: rgba(228,228,228,1);box-shadow: 0px 0px 0px 0px rgba(0,0,0,0);}.tatsu-Skjh7OeAEJe .tatsu-ti-icon{color: rgba(85,85,85,1) ;}<\/style><\/div><div  class=\"tatsu-module tatsu-title-icon  tatsu-animate tatsu-r1n3m_l0Nyl  \" data-animation=\"fadeInRight\"  ><span class=\"tatsu-ti-wrap tatsu-ti medium circled align-left\" ><i class=\"icon-wallet tatsu-ti tatsu-ti-icon\"><\/i><\/span><div class=\"tatsu-tc tatsu-tc-custom-space align-left medium circled\">\n<h4><span style=\"color: #ffffff;\">LPH 9 | Objektbetreuung und Dokumentation<\/span><\/h4>\n<p><span style=\"color: #ffffff;\">Erstellen von Wartungs- und Pflegeanweisungen. Objektbeobachtung und Baubegehungen nach der \u00dcbergabe. Objektverwaltung. Erstellen von Bestandspl\u00e4nen. Erneute Begehung des Objekts nach \u00dcbergabe. Aufbereitung des Zahlungsmaterials f\u00fcr eine Objektdatei<\/span><\/p>\n<\/div><style>.tatsu-r1n3m_l0Nyl .tatsu-ti-wrap.circled{background: rgba(228,228,228,1);box-shadow: 0px 0px 0px 0px rgba(0,0,0,0);}.tatsu-r1n3m_l0Nyl .tatsu-ti-icon{color: rgba(85,85,85,1) ;}<\/style><\/div><\/div><\/div><div class = \"tatsu-column-bg-image-wrap\"><div class = \"tatsu-column-bg-image\" ><\/div><\/div><\/div><style>.tatsu-row > .tatsu-Syw2X_g04kg.tatsu-column{width: 47.29%;}.tatsu-Syw2X_g04kg.tatsu-column > .tatsu-column-inner > .tatsu-column-overlay{mix-blend-mode: none;}.tatsu-Syw2X_g04kg > .tatsu-column-inner > .tatsu-top-divider{z-index: 9999;}.tatsu-Syw2X_g04kg > .tatsu-column-inner > .tatsu-bottom-divider{z-index: 9999;}.tatsu-Syw2X_g04kg > .tatsu-column-inner > .tatsu-left-divider{z-index: 9999;}.tatsu-Syw2X_g04kg > .tatsu-column-inner > .tatsu-right-divider{z-index: 9999;}@media only screen and (max-width: 767px) {.tatsu-row > .tatsu-Syw2X_g04kg.tatsu-column{width: 100%;}}<\/style><\/div><\/div><\/div><\/div><div class=\"tatsu-section-background-wrap\"><div class = \"tatsu-section-background\" ><\/div><\/div><style>.tatsu-BJ3Xug0Nye.tatsu-section{background-color: rgba(37,37,37,1);}.tatsu-BJ3Xug0Nye .tatsu-section-pad{padding: 120px 0% 120px 0% ;}.tatsu-BJ3Xug0Nye > .tatsu-bottom-divider{z-index: 9999;}.tatsu-BJ3Xug0Nye > .tatsu-top-divider{z-index: 9999;}<\/style><\/div><div  class=\"tatsu-r1ik2eC4Jl tatsu-section    tatsu-clearfix\" data-title=\"\"  data-headerscheme=\"background--dark\"><div class='tatsu-section-pad clearfix' data-padding='{\"d\":\"20px 0px 381px 0px\"}' data-padding-top='20px'><div class=\"tatsu-row-wrap  tatsu-row-full-width tatsu-row-one-col tatsu-row-has-one-cols tatsu-medium-gutter tatsu-reg-cols  tatsu-clearfix tatsu-Hyxi12xAEkg\" ><div  class=\"tatsu-row \" ><div  class=\"tatsu-column  tatsu-column-no-bg tatsu-one-col tatsu-column-image-none tatsu-column-effect-none  tatsu-rJZj12xCN1x\"  data-parallax-speed=\"0\" style=\"\"><div class=\"tatsu-column-inner \" ><div class=\"tatsu-column-pad-wrap\"><div class=\"tatsu-column-pad\" ><div  class=\"tatsu-module tatsu-call-to-action tatsu-clearfix  tatsu-animate tatsu-HJMjJhxCVJx  \" data-animation=\"wiggle\"  ><div class=\"tatsu-cta-inner\"><h2 class=\"tatsu-action-content\" >Zu den Projekten<\/h2><a class=\"mediumbtn tatsu-button rounded tatsu-action-button   \" href=\"https:\/\/steininger-ab.de\/index.php\/projekte\/\" data-gdpr-atts={} target=\"_blank\"><span>hier klicken<\/span><\/a><style>.tatsu-HJMjJhxCVJx.tatsu-call-to-action{background-color: rgba(19,19,19,1);}.tatsu-HJMjJhxCVJx .tatsu-action-content{color: #ffffff ;}.tatsu-HJMjJhxCVJx .tatsu-action-button{background: rgba(224,162,64,1);border-color: #ffffff; }.tatsu-HJMjJhxCVJx .tatsu-action-button:hover{background: #ffffff;border-color: #ffffff; }.tatsu-HJMjJhxCVJx .tatsu-action-button span{color: #ffffff ;}.tatsu-HJMjJhxCVJx .tatsu-action-button:hover span{color: rgba(224,162,64,1) ;}<\/style><\/div><\/div><\/div><\/div><div class = \"tatsu-column-bg-image-wrap\"><div class = \"tatsu-column-bg-image\" ><\/div><\/div><\/div><style>.tatsu-row > .tatsu-rJZj12xCN1x.tatsu-column{width: 100%;}.tatsu-rJZj12xCN1x.tatsu-column > .tatsu-column-inner > .tatsu-column-overlay{mix-blend-mode: none;}.tatsu-rJZj12xCN1x > .tatsu-column-inner > .tatsu-top-divider{z-index: 9999;}.tatsu-rJZj12xCN1x > .tatsu-column-inner > .tatsu-bottom-divider{z-index: 9999;}.tatsu-rJZj12xCN1x > .tatsu-column-inner > .tatsu-left-divider{z-index: 9999;}.tatsu-rJZj12xCN1x > .tatsu-column-inner > .tatsu-right-divider{z-index: 9999;}<\/style><\/div><\/div><\/div><\/div><div class=\"tatsu-section-background-wrap\"><div class = \"tatsu-section-background\" ><\/div><\/div><style>.tatsu-r1ik2eC4Jl.tatsu-section{background-color: rgba(19,19,19,1);}.tatsu-r1ik2eC4Jl .tatsu-section-pad{padding: 20px 0px 381px 0px;}.tatsu-r1ik2eC4Jl > .tatsu-bottom-divider{z-index: 9999;}.tatsu-r1ik2eC4Jl > .tatsu-top-divider{z-index: 9999;}<\/style><\/div>\n","protected":false},"excerpt":{"rendered":"<p><a href=\"https:\/\/steininger-ab.de\/index.php\/leistungen\/\" class=\"more-link style1-button\">Read More<\/a><\/p>","protected":false},"author":2,"featured_media":0,"parent":0,"menu_order":0,"comment_status":"closed","ping_status":"closed","template":"","meta":{"slim_seo":{"title":"Leistungen - Architekturb\u00fcro","description":"Leistungsbeschreibung LPH 1 | Grundlagenermittlung Standortanalyse, Betriebsplanung, Bestandsaufnahme, Pr\u00fcfung von Umwelterheblichkeit und Umweltvertr\u00e4glichkeit"},"footnotes":""},"class_list":["post-274","page","type-page","status-publish","hentry"],"_links":{"self":[{"href":"https:\/\/steininger-ab.de\/index.php\/wp-json\/wp\/v2\/pages\/274","targetHints":{"allow":["GET"]}}],"collection":[{"href":"https:\/\/steininger-ab.de\/index.php\/wp-json\/wp\/v2\/pages"}],"about":[{"href":"https:\/\/steininger-ab.de\/index.php\/wp-json\/wp\/v2\/types\/page"}],"author":[{"embeddable":true,"href":"https:\/\/steininger-ab.de\/index.php\/wp-json\/wp\/v2\/users\/2"}],"replies":[{"embeddable":true,"href":"https:\/\/steininger-ab.de\/index.php\/wp-json\/wp\/v2\/comments?post=274"}],"version-history":[{"count":14,"href":"https:\/\/steininger-ab.de\/index.php\/wp-json\/wp\/v2\/pages\/274\/revisions"}],"predecessor-version":[{"id":593,"href":"https:\/\/steininger-ab.de\/index.php\/wp-json\/wp\/v2\/pages\/274\/revisions\/593"}],"wp:attachment":[{"href":"https:\/\/steininger-ab.de\/index.php\/wp-json\/wp\/v2\/media?parent=274"}],"curies":[{"name":"wp","href":"https:\/\/api.w.org\/{rel}","templated":true}]}}